{"id":1300,"date":"2020-05-06T09:34:23","date_gmt":"2020-05-06T09:34:23","guid":{"rendered":"https:\/\/www.cadschwanner.de\/?page_id=1300"},"modified":"2020-05-07T09:10:33","modified_gmt":"2020-05-07T09:10:33","slug":"cad-hardware","status":"publish","type":"page","link":"https:\/\/www.cadschwanner.de\/?page_id=1300","title":{"rendered":"CAD-Hardware"},"content":{"rendered":"\n<p>Eine leistungsf\u00e4hige CAD-Hardware ist Voraussetzung f\u00fcr ein fl\u00fcssiges stabiles Arbeiten, besonders bei 3D-Anwendungen. Gef\u00fchlt ist immer alles zu langsam, also ist ein leistungsf\u00e4higes Ger\u00e4t ein<strong> Muss <\/strong>f\u00fcr professionelle Anwender.<br>W\u00e4hrend das reine 2D Arbeiten kaum Prozessorleistung abfordert und Bricscad bis auf wenige Bereiche Mehrkernprozessoren kaum nutzt, so sind die Anforderungen unter ACAD-BAU wiederum andere. Beim Berechnen der Vektoransichten sind viele Kerne von Vorteil. Auch gilt grunds\u00e4tzlich, dass eine schnelle SSD Festplatte und ausreichend RAM (wir empfehlen 32GB) das Arbeiten deutlich beschleunigen und das System mit Leistungreserven stabiler ist.<\/p>\n\n\n\n<p>Wer zudem im Bereich Visualisierung (Vray, Twinmotion, Lumion) arbeitet, f\u00fcr den ist eine schnelle leistungsf\u00e4hige Grafikkarkte wichtig. Wir setzten hier auf NVIDIA Karten, die eine gute langfristige Treiberversorgung garantieren.<\/p>\n\n\n\n<p><\/p>\n\n\n\n<figure class=\"wp-block-image size-large\"><img loading=\"lazy\" decoding=\"async\" width=\"300\" height=\"66\" src=\"https:\/\/www.cadschwanner.de\/wp-content\/uploads\/2020\/05\/austing-logo.jpg\" alt=\"\" class=\"wp-image-1310\"\/><\/figure>\n\n\n\n<p>Unser Partner f\u00fcr Hardware ist die<br>Firma <a rel=\"noreferrer noopener\" href=\"https:\/\/www.austing-computer.de\/\" target=\"_blank\">gro\u00dfe Austing GmbH<\/a>. Die Spezialisten dort konfigurieren Ihnen in Absprache mit uns gerne ein individuell abgestimmtes Paket f\u00fcr Ihre Anwendung.<br>Dort erhalten sie ebenfalls einen exellenten Support und Hilfestellung \/ Beratung auch zu EDV-Fragen jenseits vom CAD.<\/p>\n","protected":false},"excerpt":{"rendered":"<p>Eine leistungsf\u00e4hige CAD-Hardware ist Voraussetzung f\u00fcr ein fl\u00fcssiges stabiles Arbeiten, besonders bei 3D-Anwendungen. Gef\u00fchlt ist immer alles zu langsam, also ist ein leistungsf\u00e4higes Ger\u00e4t ein Muss f\u00fcr professionelle Anwender.W\u00e4hrend das reine 2D Arbeiten kaum Prozessorleistung abfordert und Bricscad bis auf wenige Bereiche Mehrkernprozessoren kaum nutzt, so sind die Anforderungen unter ACAD-BAU wiederum andere. Beim Berechnen&hellip;&nbsp;<a href=\"https:\/\/www.cadschwanner.de\/?page_id=1300\" class=\"\" rel=\"bookmark\">Weiterlesen &raquo;<span class=\"screen-reader-text\">CAD-Hardware<\/span><\/a><\/p>\n","protected":false},"author":1,"featured_media":0,"parent":0,"menu_order":0,"comment_status":"closed","ping_status":"closed","template":"","meta":{"_monsterinsights_skip_tracking":false,"_monsterinsights_sitenote_active":false,"_monsterinsights_sitenote_note":"","_monsterinsights_sitenote_category":0,"_uf_show_specific_survey":0,"_uf_disable_surveys":false,"neve_meta_sidebar":"full-width","neve_meta_container":"","neve_meta_enable_content_width":"on","neve_meta_content_width":100,"neve_meta_title_alignment":"","neve_meta_author_avatar":"","neve_post_elements_order":"","neve_meta_disable_header":"","neve_meta_disable_footer":"","neve_meta_disable_title":"","footnotes":""},"class_list":["post-1300","page","type-page","status-publish","hentry"],"_links":{"self":[{"href":"https:\/\/www.cadschwanner.de\/index.php?rest_route=\/wp\/v2\/pages\/1300","targetHints":{"allow":["GET"]}}],"collection":[{"href":"https:\/\/www.cadschwanner.de\/index.php?rest_route=\/wp\/v2\/pages"}],"about":[{"href":"https:\/\/www.cadschwanner.de\/index.php?rest_route=\/wp\/v2\/types\/page"}],"author":[{"embeddable":true,"href":"https:\/\/www.cadschwanner.de\/index.php?rest_route=\/wp\/v2\/users\/1"}],"replies":[{"embeddable":true,"href":"https:\/\/www.cadschwanner.de\/index.php?rest_route=%2Fwp%2Fv2%2Fcomments&post=1300"}],"version-history":[{"count":8,"href":"https:\/\/www.cadschwanner.de\/index.php?rest_route=\/wp\/v2\/pages\/1300\/revisions"}],"predecessor-version":[{"id":1315,"href":"https:\/\/www.cadschwanner.de\/index.php?rest_route=\/wp\/v2\/pages\/1300\/revisions\/1315"}],"wp:attachment":[{"href":"https:\/\/www.cadschwanner.de\/index.php?rest_route=%2Fwp%2Fv2%2Fmedia&parent=1300"}],"curies":[{"name":"wp","href":"https:\/\/api.w.org\/{rel}","templated":true}]}}