{"id":579,"date":"2014-02-11T21:04:25","date_gmt":"2014-02-11T21:04:25","guid":{"rendered":"https:\/\/www.cadschwanner.de\/?page_id=579"},"modified":"2025-10-30T12:20:00","modified_gmt":"2025-10-30T12:20:00","slug":"home-6","status":"publish","type":"page","link":"https:\/\/www.cadschwanner.de\/","title":{"rendered":"cadschwanner 3d graphics"},"content":{"rendered":"\n<div class=\"wp-block-columns is-layout-flex wp-container-core-columns-is-layout-9d6595d7 wp-block-columns-is-layout-flex\">\n<div class=\"wp-block-column is-layout-flow wp-block-column-is-layout-flow\"><div class=\"wp-block-image\">\n<figure class=\"alignleft size-full\"><a href=\"https:\/\/www.bricsys.com\/de-de\/bricscad-pro\" target=\"_blank\" rel=\"https:\/\/www.bricsys.com\/de-de\/bricscad-pro noreferrer noopener\"><img loading=\"lazy\" decoding=\"async\" width=\"160\" height=\"192\" src=\"https:\/\/www.cadschwanner.de\/wp-content\/uploads\/2014\/02\/bricscad-v132.png\" alt=\"\" class=\"wp-image-460\" style=\"object-fit:cover\"\/><\/a><\/figure>\n<\/div><\/div>\n\n\n\n<div class=\"wp-block-column is-layout-flow wp-block-column-is-layout-flow\"><div class=\"wp-block-image is-style-default\">\n<figure class=\"alignleft size-full is-resized\"><a href=\"https:\/\/www.ctb.de\/_wiki\/acb\/Service_Req_Download_(ACAD-BAU).php\" target=\"_blank\" rel=\"https:\/\/www.ctb.de\/_wiki\/acb\/Service_Req_Download_(ACAD-BAU).php noreferrer noopener\"><img loading=\"lazy\" decoding=\"async\" width=\"88\" height=\"120\" src=\"https:\/\/www.cadschwanner.de\/wp-content\/uploads\/2011\/11\/120x88_ctb_logo.jpg\" alt=\"\" class=\"wp-image-52\" style=\"width:150px\"\/><\/a><\/figure>\n<\/div><\/div>\n<\/div>\n\n\n<h4 style=\"text-align: center;\"><a href=\"https:\/\/www.bricsys.com\/de-de\/bricscad-pro\" target=\"_blank\" rel=\"noopener\">Bricscad V26 ist da!<\/a><\/h4>\n<p>Willkommen auf der unserer Website. Auf diesen Seiten finden Sie Informationen zu ACAD-BAU und Bricscad. Seit mehr als 20 Jahren stehen wir unseren Kunden mit gro\u00dfer Praxiserfahrung zur Seite. Egal ob Architekturb\u00fcro oder Kommune. Wir halten stets L\u00f6sungen f\u00fcr Sie parat. Profitieren Sie auch von unserem Kundencenter wo viele Tutorials und Lehrg\u00e4nge f\u00fcr sie bereistehen. <br \/>Gerne erstellen wir ihnen ein individuelles <a href=\"mailto:info@cadschwanner.de\" target=\"_blank\" rel=\"noopener\">Angebot<\/a>.<\/p>\n<p>Fragen?<\/p>\n\n\n<p>Kontakt unter info@cadschwanner.de<\/p>\n\n\n\n<p>Tel.: 04446 219310<\/p>\n","protected":false},"excerpt":{"rendered":"<p>Bricscad V26 ist da! Willkommen auf der unserer Website. Auf diesen Seiten finden Sie Informationen zu ACAD-BAU und Bricscad. Seit mehr als 20 Jahren stehen wir unseren Kunden mit gro\u00dfer Praxiserfahrung zur Seite. Egal ob Architekturb\u00fcro oder Kommune. Wir halten stets L\u00f6sungen f\u00fcr Sie parat. Profitieren Sie auch von unserem Kundencenter wo viele Tutorials und&hellip;&nbsp;<a href=\"https:\/\/www.cadschwanner.de\/\" class=\"\" rel=\"bookmark\">Weiterlesen &raquo;<span class=\"screen-reader-text\">cadschwanner 3d graphics<\/span><\/a><\/p>\n","protected":false},"author":1,"featured_media":0,"parent":0,"menu_order":1,"comment_status":"closed","ping_status":"open","template":"","meta":{"_monsterinsights_skip_tracking":false,"_monsterinsights_sitenote_active":false,"_monsterinsights_sitenote_note":"","_monsterinsights_sitenote_category":0,"_uf_show_specific_survey":0,"_uf_disable_surveys":false,"neve_meta_sidebar":"","neve_meta_container":"","neve_meta_enable_content_width":"off","neve_meta_content_width":70,"neve_meta_title_alignment":"","neve_meta_author_avatar":"","neve_post_elements_order":"","neve_meta_disable_header":"","neve_meta_disable_footer":"","neve_meta_disable_title":"","footnotes":""},"class_list":["post-579","page","type-page","status-publish","hentry"],"_links":{"self":[{"href":"https:\/\/www.cadschwanner.de\/index.php?rest_route=\/wp\/v2\/pages\/579","targetHints":{"allow":["GET"]}}],"collection":[{"href":"https:\/\/www.cadschwanner.de\/index.php?rest_route=\/wp\/v2\/pages"}],"about":[{"href":"https:\/\/www.cadschwanner.de\/index.php?rest_route=\/wp\/v2\/types\/page"}],"author":[{"embeddable":true,"href":"https:\/\/www.cadschwanner.de\/index.php?rest_route=\/wp\/v2\/users\/1"}],"replies":[{"embeddable":true,"href":"https:\/\/www.cadschwanner.de\/index.php?rest_route=%2Fwp%2Fv2%2Fcomments&post=579"}],"version-history":[{"count":72,"href":"https:\/\/www.cadschwanner.de\/index.php?rest_route=\/wp\/v2\/pages\/579\/revisions"}],"predecessor-version":[{"id":1478,"href":"https:\/\/www.cadschwanner.de\/index.php?rest_route=\/wp\/v2\/pages\/579\/revisions\/1478"}],"wp:attachment":[{"href":"https:\/\/www.cadschwanner.de\/index.php?rest_route=%2Fwp%2Fv2%2Fmedia&parent=579"}],"curies":[{"name":"wp","href":"https:\/\/api.w.org\/{rel}","templated":true}]}}